{"id":547,"date":"2025-04-14T17:07:08","date_gmt":"2025-04-14T17:07:08","guid":{"rendered":"https:\/\/la-maison-de-l-architecte-et-du-tapissier.com\/terms-of-use\/"},"modified":"2025-08-08T09:51:51","modified_gmt":"2025-08-08T09:51:51","slug":"terms-of-use","status":"publish","type":"page","link":"https:\/\/la-maison-de-l-architecte-et-du-tapissier.com\/en\/terms-of-use\/","title":{"rendered":"Legal Notice"},"content":{"rendered":"<section class=\"l-section wpb_row us_custom_c70c97eb height_custom width_custom color_alternate\" style=\"--site-content-width:900px;\"><div class=\"l-section-h i-cf\"><div class=\"g-cols vc_row via_grid cols_1 laptops-cols_inherit tablets-cols_inherit mobiles-cols_1 valign_top type_boxes stacking_default\" style=\"--columns-gap:7rem;\"><div class=\"wpb_column vc_column_container\"><div class=\"vc_column-inner\"><div class=\"w-separator hide_on_mobiles size_custom\" style=\"height:1rem\"><\/div><div class=\"w-separator size_custom\" style=\"height:1rem\"><\/div><div class=\"wpb_text_column\"><div class=\"wpb_wrapper\"><h3 style=\"text-align: center;\"><span style=\"color: #1f5a92;\">La Maison de l&#8217;Architecte<br \/>\net du Tapissier<br \/>\n<\/span><\/h3>\n<h3 style=\"text-align: center;\"><span style=\"color: #1f5a92;\">Legal Notice<\/span><\/h3>\n<\/div><\/div><div class=\"w-separator size_custom\" style=\"height:1rem\"><\/div><div class=\"w-separator size_custom\" style=\"height:2rem\"><\/div><\/div><\/div><\/div><\/div><\/section><section class=\"l-section wpb_row height_custom width_custom\" style=\"--site-content-width:1200px;\"><div class=\"l-section-h i-cf\"><div class=\"g-cols vc_row via_grid cols_1 laptops-cols_inherit tablets-cols_inherit mobiles-cols_1 valign_top type_default stacking_default\"><div class=\"wpb_column vc_column_container\"><div class=\"vc_column-inner\"><div class=\"g-cols wpb_row via_grid cols_1 laptops-cols_inherit tablets-cols_inherit mobiles-cols_1 valign_top type_default stacking_default\" style=\"--columns-gap:3rem;\"><div class=\"wpb_column vc_column_container\"><div class=\"vc_column-inner\"><div class=\"w-separator size_custom\" style=\"height:2rem\"><\/div><div class=\"wpb_text_column\"><div class=\"wpb_wrapper\"><h5>Site to rent a house in Saint-R\u00e9my-de-Provence<\/h5>\n<\/div><\/div><div class=\"w-separator size_custom\" style=\"height:1rem\"><\/div><div class=\"wpb_text_column\"><div class=\"wpb_wrapper\"><p style=\"text-align: justify;\">This site is dedicated to the rental of a 5-star house in Saint-R\u00e9my-de-Provence: la Maison de l&#8217;Architecte et du Tapissier.<\/p>\n<\/div><\/div><div class=\"w-separator size_custom\" style=\"height:2rem\"><\/div><div class=\"wpb_text_column\"><div class=\"wpb_wrapper\"><h5>Site manager<\/h5>\n<\/div><\/div><div class=\"w-separator size_custom\" style=\"height:1rem\"><\/div><div class=\"wpb_text_column\"><div class=\"wpb_wrapper\"><p style=\"text-align: justify;\">The La Maison de l&#8217;Architecte et du Tapissier website is managed by:<br \/>\nLes Cailloux Investissements<br \/>\n26 rue de Cambac\u00e9res 75008 Paris<br \/>\nSiren: 841 251 416<\/p>\n<\/div><\/div><div class=\"w-separator size_custom\" style=\"height:2rem\"><\/div><\/div><\/div><\/div><div class=\"wpb_text_column\"><div class=\"wpb_wrapper\"><h5>Publishing Director<\/h5>\n<\/div><\/div><div class=\"w-separator size_custom\" style=\"height:1rem\"><\/div><div class=\"wpb_text_column\"><div class=\"wpb_wrapper\"><p style=\"text-align: justify;\">Jessica Gourgner<\/p>\n<\/div><\/div><div class=\"w-separator size_custom\" style=\"height:2rem\"><\/div><div class=\"wpb_text_column\"><div class=\"wpb_wrapper\"><h5>Design<\/h5>\n<\/div><\/div><div class=\"w-separator size_custom\" style=\"height:1rem\"><\/div><div class=\"wpb_text_column\"><div class=\"wpb_wrapper\"><p style=\"text-align: justify;\">Antinomik<br \/>\nDelphine Tognet<br \/>\ncontact@antinomik.fr<br \/>\n80 rue Pierre Valdo 69005 Lyon<br \/>\nSiren : 834 342 446<\/p>\n<\/div><\/div><div class=\"w-separator size_custom\" style=\"height:2rem\"><\/div><div class=\"wpb_text_column\"><div class=\"wpb_wrapper\"><h5>Development<\/h5>\n<\/div><\/div><div class=\"w-separator size_custom\" style=\"height:1rem\"><\/div><div class=\"wpb_text_column\"><div class=\"wpb_wrapper\"><p style=\"text-align: justify;\">Mag and Co<br \/>\n60 rue Singer 75016 Paris<br \/>\nSiren : 834 593 659<\/p>\n<\/div><\/div><div class=\"w-separator size_custom\" style=\"height:2rem\"><\/div><div class=\"wpb_text_column\"><div class=\"wpb_wrapper\"><h5>Hosting<\/h5>\n<\/div><\/div><div class=\"w-separator size_custom\" style=\"height:1rem\"><\/div><div class=\"wpb_text_column\"><div class=\"wpb_wrapper\"><p style=\"text-align: justify;\">The company responsible for the direct and permanent storage of this site is:<br \/>\nIonos<br \/>\n7 place de la Gare 57200 Sarreguemines &#8211; France<br \/>\nSiren: 431 303 775<\/p>\n<\/div><\/div><div class=\"w-separator size_custom\" style=\"height:2rem\"><\/div><div class=\"wpb_text_column\"><div class=\"wpb_wrapper\"><h5>Technology used<\/h5>\n<\/div><\/div><div class=\"w-separator size_custom\" style=\"height:1rem\"><\/div><div class=\"wpb_text_column\"><div class=\"wpb_wrapper\"><p style=\"text-align: justify;\">This website was created using the WordPress open source content management system.<\/p>\n<\/div><\/div><div class=\"w-separator size_custom\" style=\"height:2rem\"><\/div><div class=\"wpb_text_column\"><div class=\"wpb_wrapper\"><h5>Photo Credits<\/h5>\n<\/div><\/div><div class=\"w-separator size_custom\" style=\"height:1rem\"><\/div><div class=\"wpb_text_column\"><div class=\"wpb_wrapper\"><p style=\"text-align: justify;\">Most of the photos of the interior of the Maison de l&#8217;Architecte et du Tapissier are by \u00a9Didier Delmas, while the photos of the house from the air and some of the terraces and interior are by \u00a9Pixinshot.<\/p>\n<\/div><\/div><div class=\"w-separator size_custom\" style=\"height:2rem\"><\/div><div class=\"wpb_text_column\"><div class=\"wpb_wrapper\"><h5>Protection of personal data<\/h5>\n<\/div><\/div><div class=\"w-separator size_custom\" style=\"height:1rem\"><\/div><div class=\"wpb_text_column\"><div class=\"wpb_wrapper\"><p style=\"text-align: justify;\"><b>Les Cailloux Investissements<\/b><span>, in its capacity as data controller, processes personal data concerning you in order to manage <\/span><span>your contact requests. <\/span>This information is intended for the publication manager.<\/p>\n<p style=\"text-align: justify;\"><span>You have the right to query, access, rectify and delete your personal data, the right to limit processing and the right to formulate specific and general directives concerning the retention, deletion and communication of your personal data after your death.  <\/span><\/p>\n<p style=\"text-align: justify;\">You also have the right to object at any time, for reasons relating to your particular situation, to the processing of personal data whose legal basis is the performance of a task carried out in the public interest or in the exercise of official authority.<\/p>\n<p style=\"text-align: justify;\"><span>The exercise of rights and the communication of specific post-mortem directives can be made by e-mail to masdecinqsous@gmail.com.<\/span><\/p>\n<p style=\"text-align: justify;\"><span>You have the right to lodge a complaint with the Commission Nationale de l&#8217;Informatique et des Libert\u00e9s (CNIL), either online or by post.<\/span><\/p>\n<p style=\"text-align: justify;\"><span>If you have any questions about your rights, please contact us at <a href=\"mailto:maisonarchitapissier@gmail.com\" target=\"_blank\" rel=\"noopener\">maisonarchitapissier@gmail.com.<\/a><\/span><\/p>\n<\/div><\/div><div class=\"w-separator size_custom\" style=\"height:2rem\"><\/div><div class=\"wpb_text_column\"><div class=\"wpb_wrapper\"><h5>Cookies<\/h5>\n<\/div><\/div><div class=\"w-separator size_custom\" style=\"height:1rem\"><\/div><div class=\"wpb_text_column\"><div class=\"wpb_wrapper\"><p style=\"text-align: justify;\"><span>Users are informed that, during their visit to this site, cookies may be automatically installed on their browser. To find out more, users are invited to read our cookies policy by clicking here <a href=\"https:\/\/la-maison-de-l-architecte-et-du-tapissier.com\/en\/cookies-policy\/\" target=\"_blank\" rel=\"noopener\">https:\/\/la-maison-de-l-architecte-et-du-tapissier\/politique-de-cookies<\/a> <\/span><\/p>\n<\/div><\/div><div class=\"w-separator size_custom\" style=\"height:2rem\"><\/div><div class=\"wpb_text_column\"><div class=\"wpb_wrapper\"><h5>Intellectual property<\/h5>\n<\/div><\/div><div class=\"w-separator size_custom\" style=\"height:1rem\"><\/div><div class=\"wpb_text_column\"><div class=\"wpb_wrapper\"><p style=\"text-align: justify;\"><span>The general structure, texts, images and sounds as well as all other elements making up this site are the exclusive property of <b>Les Cailloux Investissements <\/b><\/span><span>and are protected by copyright. <\/span> <\/p>\n<p style=\"text-align: justify;\"><span>Any total or partial representation of this site, by any means whatsoever, without the express permission of <\/span><b>Les Cailloux Investissements<\/b><span> is therefore prohibited and would constitute an infringement.<\/span><\/p>\n<p style=\"text-align: justify;\"><span>The logo may not be reproduced in whole or in part without the express permission of <\/span><b>Les Cailloux Investissements<\/b><span> is prohibited.<\/span><\/p>\n<\/div><\/div><div class=\"w-separator size_custom\" style=\"height:2rem\"><\/div><div class=\"wpb_text_column\"><div class=\"wpb_wrapper\"><h5>Hyperlink &amp; responsibilities<\/h5>\n<\/div><\/div><div class=\"w-separator size_custom\" style=\"height:1rem\"><\/div><div class=\"wpb_text_column\"><div class=\"wpb_wrapper\"><p style=\"text-align: justify;\"><span>Any link to this site requires the prior written authorization of <\/span><b>Les Cailloux Investissements<\/b><span>.<\/span><\/p>\n<p style=\"text-align: justify;\"><span>Despite the care<\/span><span>The information contained in this site is given for guidance only and is subject to change without notice. Consequently, users acknowledge that they use this information at their own risk. <\/span><\/p>\n<\/div><\/div><div class=\"w-separator size_custom\" style=\"height:2rem\"><\/div><\/div><\/div><\/div><\/div><\/section><section class=\"l-section wpb_row height_custom\"><div class=\"l-section-h i-cf\"><div class=\"g-cols vc_row via_grid cols_1 laptops-cols_inherit tablets-cols_inherit mobiles-cols_1 valign_top type_default stacking_default\"><div class=\"wpb_column vc_column_container\"><div class=\"vc_column-inner\"><div class=\"w-separator size_custom\" style=\"height:2rem\"><\/div><\/div><\/div><\/div><\/div><\/section><section class=\"l-section wpb_row height_custom width_custom\" style=\"--site-content-width:1200px;\"><div class=\"l-section-h i-cf\"><div class=\"g-cols vc_row via_grid cols_3 laptops-cols_inherit tablets-cols_inherit mobiles-cols_1 valign_top type_default stacking_default\"><div class=\"wpb_column vc_column_container\"><div class=\"vc_column-inner\"><div class=\"w-iconbox iconpos_top style_default color_custom align_center no_text no_title\"><a href=\"mailto:masdecinqsous@gmail.com\" class=\"w-iconbox-link\" aria-label=\"fas|envelope\"><div class=\"w-iconbox-icon\" style=\"font-size:2.5rem;--icon-color:#1F5A92;\"><i class=\"fas fa-envelope\"><\/i><\/div><\/a><div class=\"w-iconbox-meta\"><\/div><\/div><div class=\"w-separator size_custom\" style=\"height:1.5rem\"><\/div><div class=\"wpb_text_column\"><div class=\"wpb_wrapper\"><h6 style=\"text-align: center;\"><span style=\"font-size: 10pt;\"><strong><span style=\"color: #508dc3;\">EMAIL<\/span><\/strong><\/span><br \/>\n<a href=\"mailto:masdecinqsous@gmail.com\" target=\"_blank\" rel=\"noopener\">masdecinqsous@gmail.com<\/a><\/h6>\n<\/div><\/div><\/div><\/div><div class=\"wpb_column vc_column_container\"><div class=\"vc_column-inner\"><div class=\"w-iconbox iconpos_top style_default color_custom align_center no_text no_title\"><a href=\"mailto:masdecinqsous@gmail.com\" class=\"w-iconbox-link\" aria-label=\"fas|phone-alt\"><div class=\"w-iconbox-icon\" style=\"font-size:2.5rem;--icon-color:#1F5A92;\"><i class=\"fas fa-phone-alt\"><\/i><\/div><\/a><div class=\"w-iconbox-meta\"><\/div><\/div><div class=\"w-separator size_custom\" style=\"height:1.5rem\"><\/div><div class=\"wpb_text_column\"><div class=\"wpb_wrapper\"><h6 style=\"text-align: center;\"><span style=\"font-size: 10pt;\"><strong><span style=\"color: #508dc3;\">TELEPHONE<\/span><\/strong><\/span><br \/>\n06 74 55 95 95<\/h6>\n<\/div><\/div><\/div><\/div><div class=\"wpb_column vc_column_container\"><div class=\"vc_column-inner\"><div class=\"w-iconbox iconpos_top style_default color_custom align_center no_text no_title\"><a href=\"https:\/\/lamaisondelarchitecte\" class=\"w-iconbox-link\" aria-label=\"fab|instagram\"><div class=\"w-iconbox-icon\" style=\"font-size:2.5rem;--icon-color:#1F5A92;\"><i class=\"fab fa-instagram\"><\/i><\/div><\/a><div class=\"w-iconbox-meta\"><\/div><\/div><div class=\"w-separator size_custom\" style=\"height:1.5rem\"><\/div><div class=\"wpb_text_column\"><div class=\"wpb_wrapper\"><h6 style=\"text-align: center;\"><span style=\"font-size: 10pt;\"><strong><span style=\"color: #508dc3;\">FOLLOW US<\/span><\/strong><\/span><br \/>\n<a href=\"https:\/\/instagram.com\/lamaisondelarchitecte\" target=\"_blank\" rel=\"noopener\">La Maison de l&#8217;Architecte<\/a><\/h6>\n<\/div><\/div><\/div><\/div><\/div><\/div><\/section><section class=\"l-section wpb_row height_custom\"><div class=\"l-section-h i-cf\"><div class=\"g-cols vc_row via_grid cols_1 laptops-cols_inherit tablets-cols_inherit mobiles-cols_1 valign_top type_default stacking_default\"><div class=\"wpb_column vc_column_container\"><div class=\"vc_column-inner\"><div class=\"w-separator size_custom\" style=\"height:2rem\"><\/div><\/div><\/div><\/div><\/div><\/section>\n","protected":false},"excerpt":{"rendered":"La Maison de l&#8217;Architecte et du Tapissier Legal Notice Site to rent a house in Saint-R\u00e9my-de-Provence This site is dedicated to the rental of a 5-star house in Saint-R\u00e9my-de-Provence: la Maison de l&#8217;Architecte et du Tapissier. Site manager The La Maison de l&#8217;Architecte et du Tapissier website is managed by: Les Cailloux Investissements 26 rue...","protected":false},"author":1,"featured_media":0,"parent":0,"menu_order":0,"comment_status":"closed","ping_status":"closed","template":"","meta":{"_acf_changed":false,"footnotes":""},"class_list":["post-547","page","type-page","status-publish","hentry"],"acf":[],"yoast_head":"<!-- This site is optimized with the Yoast SEO plugin v26.3 - https:\/\/yoast.com\/wordpress\/plugins\/seo\/ -->\n<title>Legal Notice - House rental Saint R\u00e9my de Provence<\/title>\n<meta name=\"description\" content=\"Legal information for La Maison de l&#039;Architecte et du Tapissier: website dedicated to 5-star home rentals in Saint-R\u00e9my-de-Provence.\" \/>\n<meta name=\"robots\" content=\"index, follow, max-snippet:-1, max-image-preview:large, max-video-preview:-1\" \/>\n<link rel=\"canonical\" href=\"https:\/\/la-maison-de-l-architecte-et-du-tapissier.com\/en\/terms-of-use\/\" \/>\n<meta property=\"og:locale\" content=\"en_US\" \/>\n<meta property=\"og:type\" content=\"article\" \/>\n<meta property=\"og:title\" content=\"Legal Notice - House rental Saint R\u00e9my de Provence\" \/>\n<meta property=\"og:description\" content=\"Legal information for La Maison de l&#039;Architecte et du Tapissier: website dedicated to 5-star home rentals in Saint-R\u00e9my-de-Provence.\" \/>\n<meta property=\"og:url\" content=\"https:\/\/la-maison-de-l-architecte-et-du-tapissier.com\/en\/terms-of-use\/\" \/>\n<meta property=\"og:site_name\" content=\"La Maison de l&#039;Architecte et du Tapissier\" \/>\n<meta property=\"article:modified_time\" content=\"2025-08-08T09:51:51+00:00\" \/>\n<meta name=\"twitter:card\" content=\"summary_large_image\" \/>\n<meta name=\"twitter:label1\" content=\"Est. reading time\" \/>\n\t<meta name=\"twitter:data1\" content=\"5 minutes\" \/>\n<script type=\"application\/ld+json\" class=\"yoast-schema-graph\">{\"@context\":\"https:\/\/schema.org\",\"@graph\":[{\"@type\":\"WebPage\",\"@id\":\"https:\/\/la-maison-de-l-architecte-et-du-tapissier.com\/en\/terms-of-use\/\",\"url\":\"https:\/\/la-maison-de-l-architecte-et-du-tapissier.com\/en\/terms-of-use\/\",\"name\":\"Legal Notice - House rental Saint R\u00e9my de Provence\",\"isPartOf\":{\"@id\":\"https:\/\/la-maison-de-l-architecte-et-du-tapissier.com\/en\/#website\"},\"datePublished\":\"2025-04-14T17:07:08+00:00\",\"dateModified\":\"2025-08-08T09:51:51+00:00\",\"description\":\"Legal information for La Maison de l'Architecte et du Tapissier: website dedicated to 5-star home rentals in Saint-R\u00e9my-de-Provence.\",\"breadcrumb\":{\"@id\":\"https:\/\/la-maison-de-l-architecte-et-du-tapissier.com\/en\/terms-of-use\/#breadcrumb\"},\"inLanguage\":\"en-US\",\"potentialAction\":[{\"@type\":\"ReadAction\",\"target\":[\"https:\/\/la-maison-de-l-architecte-et-du-tapissier.com\/en\/terms-of-use\/\"]}]},{\"@type\":\"BreadcrumbList\",\"@id\":\"https:\/\/la-maison-de-l-architecte-et-du-tapissier.com\/en\/terms-of-use\/#breadcrumb\",\"itemListElement\":[{\"@type\":\"ListItem\",\"position\":1,\"name\":\"Accueil\",\"item\":\"https:\/\/la-maison-de-l-architecte-et-du-tapissier.com\/en\/home-rental-in-saint-remy-de-provence-v2\/\"},{\"@type\":\"ListItem\",\"position\":2,\"name\":\"Legal Notice\"}]},{\"@type\":\"WebSite\",\"@id\":\"https:\/\/la-maison-de-l-architecte-et-du-tapissier.com\/en\/#website\",\"url\":\"https:\/\/la-maison-de-l-architecte-et-du-tapissier.com\/en\/\",\"name\":\"La Maison de l&#039;Architecte et du Tapissier\",\"description\":\"Une exp\u00e9rience rare \u00e0 Saint-R\u00e9my-de-Provence\",\"potentialAction\":[{\"@type\":\"SearchAction\",\"target\":{\"@type\":\"EntryPoint\",\"urlTemplate\":\"https:\/\/la-maison-de-l-architecte-et-du-tapissier.com\/en\/?s={search_term_string}\"},\"query-input\":{\"@type\":\"PropertyValueSpecification\",\"valueRequired\":true,\"valueName\":\"search_term_string\"}}],\"inLanguage\":\"en-US\"}]}<\/script>\n<!-- \/ Yoast SEO plugin. -->","yoast_head_json":{"title":"Legal Notice - House rental Saint R\u00e9my de Provence","description":"Legal information for La Maison de l'Architecte et du Tapissier: website dedicated to 5-star home rentals in Saint-R\u00e9my-de-Provence.","robots":{"index":"index","follow":"follow","max-snippet":"max-snippet:-1","max-image-preview":"max-image-preview:large","max-video-preview":"max-video-preview:-1"},"canonical":"https:\/\/la-maison-de-l-architecte-et-du-tapissier.com\/en\/terms-of-use\/","og_locale":"en_US","og_type":"article","og_title":"Legal Notice - House rental Saint R\u00e9my de Provence","og_description":"Legal information for La Maison de l'Architecte et du Tapissier: website dedicated to 5-star home rentals in Saint-R\u00e9my-de-Provence.","og_url":"https:\/\/la-maison-de-l-architecte-et-du-tapissier.com\/en\/terms-of-use\/","og_site_name":"La Maison de l&#039;Architecte et du Tapissier","article_modified_time":"2025-08-08T09:51:51+00:00","twitter_card":"summary_large_image","twitter_misc":{"Est. reading time":"5 minutes"},"schema":{"@context":"https:\/\/schema.org","@graph":[{"@type":"WebPage","@id":"https:\/\/la-maison-de-l-architecte-et-du-tapissier.com\/en\/terms-of-use\/","url":"https:\/\/la-maison-de-l-architecte-et-du-tapissier.com\/en\/terms-of-use\/","name":"Legal Notice - House rental Saint R\u00e9my de Provence","isPartOf":{"@id":"https:\/\/la-maison-de-l-architecte-et-du-tapissier.com\/en\/#website"},"datePublished":"2025-04-14T17:07:08+00:00","dateModified":"2025-08-08T09:51:51+00:00","description":"Legal information for La Maison de l'Architecte et du Tapissier: website dedicated to 5-star home rentals in Saint-R\u00e9my-de-Provence.","breadcrumb":{"@id":"https:\/\/la-maison-de-l-architecte-et-du-tapissier.com\/en\/terms-of-use\/#breadcrumb"},"inLanguage":"en-US","potentialAction":[{"@type":"ReadAction","target":["https:\/\/la-maison-de-l-architecte-et-du-tapissier.com\/en\/terms-of-use\/"]}]},{"@type":"BreadcrumbList","@id":"https:\/\/la-maison-de-l-architecte-et-du-tapissier.com\/en\/terms-of-use\/#breadcrumb","itemListElement":[{"@type":"ListItem","position":1,"name":"Accueil","item":"https:\/\/la-maison-de-l-architecte-et-du-tapissier.com\/en\/home-rental-in-saint-remy-de-provence-v2\/"},{"@type":"ListItem","position":2,"name":"Legal Notice"}]},{"@type":"WebSite","@id":"https:\/\/la-maison-de-l-architecte-et-du-tapissier.com\/en\/#website","url":"https:\/\/la-maison-de-l-architecte-et-du-tapissier.com\/en\/","name":"La Maison de l&#039;Architecte et du Tapissier","description":"Une exp\u00e9rience rare \u00e0 Saint-R\u00e9my-de-Provence","potentialAction":[{"@type":"SearchAction","target":{"@type":"EntryPoint","urlTemplate":"https:\/\/la-maison-de-l-architecte-et-du-tapissier.com\/en\/?s={search_term_string}"},"query-input":{"@type":"PropertyValueSpecification","valueRequired":true,"valueName":"search_term_string"}}],"inLanguage":"en-US"}]}},"_links":{"self":[{"href":"https:\/\/la-maison-de-l-architecte-et-du-tapissier.com\/en\/wp-json\/wp\/v2\/pages\/547","targetHints":{"allow":["GET"]}}],"collection":[{"href":"https:\/\/la-maison-de-l-architecte-et-du-tapissier.com\/en\/wp-json\/wp\/v2\/pages"}],"about":[{"href":"https:\/\/la-maison-de-l-architecte-et-du-tapissier.com\/en\/wp-json\/wp\/v2\/types\/page"}],"author":[{"embeddable":true,"href":"https:\/\/la-maison-de-l-architecte-et-du-tapissier.com\/en\/wp-json\/wp\/v2\/users\/1"}],"replies":[{"embeddable":true,"href":"https:\/\/la-maison-de-l-architecte-et-du-tapissier.com\/en\/wp-json\/wp\/v2\/comments?post=547"}],"version-history":[{"count":11,"href":"https:\/\/la-maison-de-l-architecte-et-du-tapissier.com\/en\/wp-json\/wp\/v2\/pages\/547\/revisions"}],"predecessor-version":[{"id":600,"href":"https:\/\/la-maison-de-l-architecte-et-du-tapissier.com\/en\/wp-json\/wp\/v2\/pages\/547\/revisions\/600"}],"wp:attachment":[{"href":"https:\/\/la-maison-de-l-architecte-et-du-tapissier.com\/en\/wp-json\/wp\/v2\/media?parent=547"}],"curies":[{"name":"wp","href":"https:\/\/api.w.org\/{rel}","templated":true}]}}