{"id":551,"date":"2025-03-27T20:41:09","date_gmt":"2025-03-27T20:41:09","guid":{"rendered":"https:\/\/la-maison-de-l-architecte-et-du-tapissier.com\/cookies-policy\/"},"modified":"2025-07-18T06:46:52","modified_gmt":"2025-07-18T06:46:52","slug":"cookies-policy","status":"publish","type":"page","link":"https:\/\/la-maison-de-l-architecte-et-du-tapissier.com\/en\/cookies-policy\/","title":{"rendered":"Cookies&#8217; policy"},"content":{"rendered":"<section class=\"l-section wpb_row us_custom_c70c97eb height_custom width_custom color_alternate\" style=\"--site-content-width:900px;\"><div class=\"l-section-h i-cf\"><div class=\"g-cols vc_row via_grid cols_1 laptops-cols_inherit tablets-cols_inherit mobiles-cols_1 valign_top type_boxes stacking_default\" style=\"--columns-gap:7rem;\"><div class=\"wpb_column vc_column_container\"><div class=\"vc_column-inner\"><div class=\"w-separator hide_on_mobiles size_custom\" style=\"height:1rem\"><\/div><div class=\"w-separator size_custom\" style=\"height:1rem\"><\/div><div class=\"wpb_text_column\"><div class=\"wpb_wrapper\"><h3 style=\"text-align: center;\"><span style=\"color: #1f5a92;\">La Maison de l&#8217;Architecte<br \/>\net du Tapissier<br \/>\nCookies&#8217; Policy<\/span><\/h3>\n<\/div><\/div><div class=\"w-separator size_custom\" style=\"height:1rem\"><\/div><div class=\"w-separator size_custom\" style=\"height:2rem\"><\/div><\/div><\/div><\/div><\/div><\/section><section class=\"l-section wpb_row height_custom\"><div class=\"l-section-h i-cf\"><div class=\"g-cols vc_row via_grid cols_1 laptops-cols_inherit tablets-cols_inherit mobiles-cols_1 valign_top type_default stacking_default\"><div class=\"wpb_column vc_column_container\"><div class=\"vc_column-inner\"><div class=\"g-cols wpb_row via_grid cols_1 laptops-cols_inherit tablets-cols_inherit mobiles-cols_1 valign_top type_default stacking_default\" style=\"--columns-gap:3rem;\"><div class=\"wpb_column vc_column_container\"><div class=\"vc_column-inner\"><div class=\"w-separator size_custom\" style=\"height:2rem\"><\/div><div class=\"wpb_text_column\"><div class=\"wpb_wrapper\"><h5>1. What is a cookie?<\/h5>\n<\/div><\/div><div class=\"w-separator size_custom\" style=\"height:1rem\"><\/div><div class=\"wpb_text_column\"><div class=\"wpb_wrapper\"><p style=\"text-align: justify;\">A cookie is a small data file sent by our site&#8217;s web server to the browser&#8217;s cookie file on your device&#8217;s hard disk. Your browser stores this cookie for a specific period of time and sends it back to our website server when you log on again. Cookies can be used in a number of ways: to memorize your login and password to facilitate connection to your account, to track your sessions and browsing for statistical purposes, or to identify your centers of interest in order to offer you relevant content.  <\/p>\n<p style=\"text-align: justify;\">A cookie file enables its issuer to identify the terminal in which it is stored for the duration of the cookie&#8217;s validity or recording period. However, it cannot be traced back to an individual. <\/p>\n<p style=\"text-align: justify;\">On our site, we use :<\/p>\n<ul>\n<li style=\"text-align: justify;\">cookies strictly necessary for the proper functioning of our site;<\/li>\n<li style=\"text-align: justify;\">and site performance cookies.<\/li>\n<\/ul>\n<\/div><\/div><div class=\"w-separator size_custom\" style=\"height:2rem\"><\/div><\/div><\/div><\/div><div class=\"wpb_text_column\"><div class=\"wpb_wrapper\"><h5>2. Strictly necessary cookies<\/h5>\n<\/div><\/div><div class=\"w-separator size_custom\" style=\"height:1rem\"><\/div><div class=\"wpb_text_column\"><div class=\"wpb_wrapper\"><p style=\"text-align: justify;\">These cookies are necessary for the proper functioning of our site and to guarantee you an optimal experience. They are automatically deleted when you leave our website or, in the case of authorization cookies, for a period of 12 months. They do not collect information about the user and his\/her activity, nor any other information that could be used for marketing or targeting purposes.  <\/p>\n<\/div><\/div><div class=\"w-separator size_custom\" style=\"height:2rem\"><\/div><div class=\"wpb_text_column\"><div class=\"wpb_wrapper\"><h5>3. Performance cookies<\/h5>\n<\/div><\/div><div class=\"w-separator size_custom\" style=\"height:1rem\"><\/div><div class=\"wpb_text_column\"><div class=\"wpb_wrapper\"><p style=\"text-align: justify;\">These cookies collect information about how you use our site. For example, which pages you visit most and how often. This data can be used to help optimize our website and make it easier for you to navigate. These cookies do not collect any personally identifiable information. All information collected by these cookies is aggregated and therefore anonymous.    <\/p>\n<p style=\"text-align: justify;\">These so-called &#8220;tracking&#8221; cookies are not automatically deleted when you leave our website. They are deposited only if you accept them, and their lifetime is a maximum of 13 months. <\/p>\n<\/div><\/div><div class=\"w-separator size_custom\" style=\"height:2rem\"><\/div><div class=\"wpb_text_column\"><div class=\"wpb_wrapper\"><h5>4. Anonymous analytical cookies<\/h5>\n<\/div><\/div><div class=\"w-separator size_custom\" style=\"height:1rem\"><\/div><div class=\"wpb_text_column\"><div class=\"wpb_wrapper\"><p style=\"text-align: justify;\">Each time an Internet user visits our site, Google generates an anonymous analysis cookie. These cookies can tell us whether you&#8217;ve visited us before or not. Your browser will tell us whether you have these cookies and, if not, we will generate new ones.  <\/p>\n<p style=\"text-align: justify;\">This enables us to track the number of our individual users and the frequency with which they visit the site. We use these cookies to gather statistics, such as the number of visits to a page. If you are logged in, we will also know the information you have provided for this purpose, such as your user name and e-mail address.  <\/p>\n<\/div><\/div><div class=\"w-separator size_custom\" style=\"height:2rem\"><\/div><div class=\"wpb_text_column\"><div class=\"wpb_wrapper\"><h5>5. Cookie management<\/h5>\n<\/div><\/div><div class=\"w-separator size_custom\" style=\"height:1rem\"><\/div><div class=\"wpb_text_column\"><div class=\"wpb_wrapper\"><p style=\"text-align: justify;\">We use cookies to ensure that our website functions optimally and to make it easier for you to access by collecting information about your device and preferences (e.g. your device and browser).<\/p>\n<p style=\"text-align: justify;\">Therefore, if you wish to use our website fully and optimally, we recommend that you accept these cookies.<\/p>\n<\/div><\/div><div class=\"w-separator size_custom\" style=\"height:2rem\"><\/div><div class=\"w-separator size_custom\" style=\"height:2rem\"><\/div><\/div><\/div><\/div><\/div><\/section><section class=\"l-section wpb_row height_custom width_custom\" style=\"--site-content-width:1200px;\"><div class=\"l-section-h i-cf\"><div class=\"g-cols vc_row via_grid cols_3 laptops-cols_inherit tablets-cols_inherit mobiles-cols_1 valign_top type_default stacking_default\"><div class=\"wpb_column vc_column_container\"><div class=\"vc_column-inner\"><div class=\"w-iconbox iconpos_top style_default color_custom align_center no_text no_title\"><a href=\"mailto:masdecinqsous@gmail.com\" class=\"w-iconbox-link\" aria-label=\"fas|envelope\"><div class=\"w-iconbox-icon\" style=\"font-size:2.5rem;--icon-color:#1F5A92;\"><i class=\"fas fa-envelope\"><\/i><\/div><\/a><div class=\"w-iconbox-meta\"><\/div><\/div><div class=\"w-separator size_custom\" style=\"height:1.5rem\"><\/div><div class=\"wpb_text_column\"><div class=\"wpb_wrapper\"><h6 style=\"text-align: center;\"><span style=\"font-size: 10pt;\"><strong><span style=\"color: #508dc3;\">EMAIL<\/span><\/strong><\/span><br \/>\n<a href=\"mailto:masdecinqsous@gmail.com\" target=\"_blank\" rel=\"noopener\">masdecinqsous@gmail.com<\/a><\/h6>\n<\/div><\/div><\/div><\/div><div class=\"wpb_column vc_column_container\"><div class=\"vc_column-inner\"><div class=\"w-iconbox iconpos_top style_default color_custom align_center no_text no_title\"><a href=\"mailto:masdecinqsous@gmail.com\" class=\"w-iconbox-link\" aria-label=\"fas|phone-alt\"><div class=\"w-iconbox-icon\" style=\"font-size:2.5rem;--icon-color:#1F5A92;\"><i class=\"fas fa-phone-alt\"><\/i><\/div><\/a><div class=\"w-iconbox-meta\"><\/div><\/div><div class=\"w-separator size_custom\" style=\"height:1.5rem\"><\/div><div class=\"wpb_text_column\"><div class=\"wpb_wrapper\"><h6 style=\"text-align: center;\"><span style=\"font-size: 10pt;\"><strong><span style=\"color: #508dc3;\">TELEPHONE<\/span><\/strong><\/span><br \/>\n06 74 55 95 95<\/h6>\n<\/div><\/div><\/div><\/div><div class=\"wpb_column vc_column_container\"><div class=\"vc_column-inner\"><div class=\"w-iconbox iconpos_top style_default color_custom align_center no_text no_title\"><a href=\"https:\/\/lamaisondelarchitecte\" class=\"w-iconbox-link\" aria-label=\"fab|instagram\"><div class=\"w-iconbox-icon\" style=\"font-size:2.5rem;--icon-color:#1F5A92;\"><i class=\"fab fa-instagram\"><\/i><\/div><\/a><div class=\"w-iconbox-meta\"><\/div><\/div><div class=\"w-separator size_custom\" style=\"height:1.5rem\"><\/div><div class=\"wpb_text_column\"><div class=\"wpb_wrapper\"><h6 style=\"text-align: center;\"><span style=\"font-size: 10pt;\"><strong><span style=\"color: #508dc3;\">FOLLOW US<\/span><\/strong><\/span><br \/>\n<a href=\"https:\/\/instagram.com\/lamaisondelarchitecte\" target=\"_blank\" rel=\"noopener\">La Maison de l&#8217;Architecte<\/a><\/h6>\n<\/div><\/div><\/div><\/div><\/div><\/div><\/section><section class=\"l-section wpb_row height_custom\"><div class=\"l-section-h i-cf\"><div class=\"g-cols vc_row via_grid cols_1 laptops-cols_inherit tablets-cols_inherit mobiles-cols_1 valign_top type_default stacking_default\"><div class=\"wpb_column vc_column_container\"><div class=\"vc_column-inner\"><div class=\"w-separator size_custom\" style=\"height:2rem\"><\/div><\/div><\/div><\/div><\/div><\/section>\n","protected":false},"excerpt":{"rendered":"La Maison de l&#8217;Architecte et du Tapissier Cookies&#8217; Policy 1. What is a cookie? A cookie is a small data file sent by our site&#8217;s web server to the browser&#8217;s cookie file on your device&#8217;s hard disk. Your browser stores this cookie for a specific period of time and sends it back to our website...","protected":false},"author":1,"featured_media":0,"parent":0,"menu_order":0,"comment_status":"closed","ping_status":"open","template":"","meta":{"_acf_changed":false,"footnotes":""},"class_list":["post-551","page","type-page","status-publish","hentry"],"acf":[],"yoast_head":"<!-- This site is optimized with the Yoast SEO plugin v26.3 - https:\/\/yoast.com\/wordpress\/plugins\/seo\/ -->\n<title>Cookies&#039; policy - La Maison de l&#039;Architecte et du Tapissier<\/title>\n<meta name=\"description\" content=\"Cookie policy for the Maison de l&#039;Architecte et du Tapissier in Sait-R\u00e9my-de-Provence, a luxury house to rent for 8 people.\" \/>\n<meta name=\"robots\" content=\"index, follow, max-snippet:-1, max-image-preview:large, max-video-preview:-1\" \/>\n<link rel=\"canonical\" href=\"https:\/\/la-maison-de-l-architecte-et-du-tapissier.com\/en\/cookies-policy\/\" \/>\n<meta property=\"og:locale\" content=\"en_US\" \/>\n<meta property=\"og:type\" content=\"article\" \/>\n<meta property=\"og:title\" content=\"Cookies&#039; policy - La Maison de l&#039;Architecte et du Tapissier\" \/>\n<meta property=\"og:description\" content=\"Cookie policy for the Maison de l&#039;Architecte et du Tapissier in Sait-R\u00e9my-de-Provence, a luxury house to rent for 8 people.\" \/>\n<meta property=\"og:url\" content=\"https:\/\/la-maison-de-l-architecte-et-du-tapissier.com\/en\/cookies-policy\/\" \/>\n<meta property=\"og:site_name\" content=\"La Maison de l&#039;Architecte et du Tapissier\" \/>\n<meta property=\"article:modified_time\" content=\"2025-07-18T06:46:52+00:00\" \/>\n<meta name=\"twitter:card\" content=\"summary_large_image\" \/>\n<meta name=\"twitter:label1\" content=\"Est. reading time\" \/>\n\t<meta name=\"twitter:data1\" content=\"4 minutes\" \/>\n<script type=\"application\/ld+json\" class=\"yoast-schema-graph\">{\"@context\":\"https:\/\/schema.org\",\"@graph\":[{\"@type\":\"WebPage\",\"@id\":\"https:\/\/la-maison-de-l-architecte-et-du-tapissier.com\/en\/cookies-policy\/\",\"url\":\"https:\/\/la-maison-de-l-architecte-et-du-tapissier.com\/en\/cookies-policy\/\",\"name\":\"Cookies' policy - La Maison de l&#039;Architecte et du Tapissier\",\"isPartOf\":{\"@id\":\"https:\/\/la-maison-de-l-architecte-et-du-tapissier.com\/en\/#website\"},\"datePublished\":\"2025-03-27T20:41:09+00:00\",\"dateModified\":\"2025-07-18T06:46:52+00:00\",\"description\":\"Cookie policy for the Maison de l'Architecte et du Tapissier in Sait-R\u00e9my-de-Provence, a luxury house to rent for 8 people.\",\"breadcrumb\":{\"@id\":\"https:\/\/la-maison-de-l-architecte-et-du-tapissier.com\/en\/cookies-policy\/#breadcrumb\"},\"inLanguage\":\"en-US\",\"potentialAction\":[{\"@type\":\"ReadAction\",\"target\":[\"https:\/\/la-maison-de-l-architecte-et-du-tapissier.com\/en\/cookies-policy\/\"]}]},{\"@type\":\"BreadcrumbList\",\"@id\":\"https:\/\/la-maison-de-l-architecte-et-du-tapissier.com\/en\/cookies-policy\/#breadcrumb\",\"itemListElement\":[{\"@type\":\"ListItem\",\"position\":1,\"name\":\"Accueil\",\"item\":\"https:\/\/la-maison-de-l-architecte-et-du-tapissier.com\/en\/home-rental-in-saint-remy-de-provence-v2\/\"},{\"@type\":\"ListItem\",\"position\":2,\"name\":\"Cookies&#8217; policy\"}]},{\"@type\":\"WebSite\",\"@id\":\"https:\/\/la-maison-de-l-architecte-et-du-tapissier.com\/en\/#website\",\"url\":\"https:\/\/la-maison-de-l-architecte-et-du-tapissier.com\/en\/\",\"name\":\"La Maison de l&#039;Architecte et du Tapissier\",\"description\":\"Une exp\u00e9rience rare \u00e0 Saint-R\u00e9my-de-Provence\",\"potentialAction\":[{\"@type\":\"SearchAction\",\"target\":{\"@type\":\"EntryPoint\",\"urlTemplate\":\"https:\/\/la-maison-de-l-architecte-et-du-tapissier.com\/en\/?s={search_term_string}\"},\"query-input\":{\"@type\":\"PropertyValueSpecification\",\"valueRequired\":true,\"valueName\":\"search_term_string\"}}],\"inLanguage\":\"en-US\"}]}<\/script>\n<!-- \/ Yoast SEO plugin. -->","yoast_head_json":{"title":"Cookies' policy - La Maison de l&#039;Architecte et du Tapissier","description":"Cookie policy for the Maison de l'Architecte et du Tapissier in Sait-R\u00e9my-de-Provence, a luxury house to rent for 8 people.","robots":{"index":"index","follow":"follow","max-snippet":"max-snippet:-1","max-image-preview":"max-image-preview:large","max-video-preview":"max-video-preview:-1"},"canonical":"https:\/\/la-maison-de-l-architecte-et-du-tapissier.com\/en\/cookies-policy\/","og_locale":"en_US","og_type":"article","og_title":"Cookies' policy - La Maison de l&#039;Architecte et du Tapissier","og_description":"Cookie policy for the Maison de l'Architecte et du Tapissier in Sait-R\u00e9my-de-Provence, a luxury house to rent for 8 people.","og_url":"https:\/\/la-maison-de-l-architecte-et-du-tapissier.com\/en\/cookies-policy\/","og_site_name":"La Maison de l&#039;Architecte et du Tapissier","article_modified_time":"2025-07-18T06:46:52+00:00","twitter_card":"summary_large_image","twitter_misc":{"Est. reading time":"4 minutes"},"schema":{"@context":"https:\/\/schema.org","@graph":[{"@type":"WebPage","@id":"https:\/\/la-maison-de-l-architecte-et-du-tapissier.com\/en\/cookies-policy\/","url":"https:\/\/la-maison-de-l-architecte-et-du-tapissier.com\/en\/cookies-policy\/","name":"Cookies' policy - La Maison de l&#039;Architecte et du Tapissier","isPartOf":{"@id":"https:\/\/la-maison-de-l-architecte-et-du-tapissier.com\/en\/#website"},"datePublished":"2025-03-27T20:41:09+00:00","dateModified":"2025-07-18T06:46:52+00:00","description":"Cookie policy for the Maison de l'Architecte et du Tapissier in Sait-R\u00e9my-de-Provence, a luxury house to rent for 8 people.","breadcrumb":{"@id":"https:\/\/la-maison-de-l-architecte-et-du-tapissier.com\/en\/cookies-policy\/#breadcrumb"},"inLanguage":"en-US","potentialAction":[{"@type":"ReadAction","target":["https:\/\/la-maison-de-l-architecte-et-du-tapissier.com\/en\/cookies-policy\/"]}]},{"@type":"BreadcrumbList","@id":"https:\/\/la-maison-de-l-architecte-et-du-tapissier.com\/en\/cookies-policy\/#breadcrumb","itemListElement":[{"@type":"ListItem","position":1,"name":"Accueil","item":"https:\/\/la-maison-de-l-architecte-et-du-tapissier.com\/en\/home-rental-in-saint-remy-de-provence-v2\/"},{"@type":"ListItem","position":2,"name":"Cookies&#8217; policy"}]},{"@type":"WebSite","@id":"https:\/\/la-maison-de-l-architecte-et-du-tapissier.com\/en\/#website","url":"https:\/\/la-maison-de-l-architecte-et-du-tapissier.com\/en\/","name":"La Maison de l&#039;Architecte et du Tapissier","description":"Une exp\u00e9rience rare \u00e0 Saint-R\u00e9my-de-Provence","potentialAction":[{"@type":"SearchAction","target":{"@type":"EntryPoint","urlTemplate":"https:\/\/la-maison-de-l-architecte-et-du-tapissier.com\/en\/?s={search_term_string}"},"query-input":{"@type":"PropertyValueSpecification","valueRequired":true,"valueName":"search_term_string"}}],"inLanguage":"en-US"}]}},"_links":{"self":[{"href":"https:\/\/la-maison-de-l-architecte-et-du-tapissier.com\/en\/wp-json\/wp\/v2\/pages\/551","targetHints":{"allow":["GET"]}}],"collection":[{"href":"https:\/\/la-maison-de-l-architecte-et-du-tapissier.com\/en\/wp-json\/wp\/v2\/pages"}],"about":[{"href":"https:\/\/la-maison-de-l-architecte-et-du-tapissier.com\/en\/wp-json\/wp\/v2\/types\/page"}],"author":[{"embeddable":true,"href":"https:\/\/la-maison-de-l-architecte-et-du-tapissier.com\/en\/wp-json\/wp\/v2\/users\/1"}],"replies":[{"embeddable":true,"href":"https:\/\/la-maison-de-l-architecte-et-du-tapissier.com\/en\/wp-json\/wp\/v2\/comments?post=551"}],"version-history":[{"count":4,"href":"https:\/\/la-maison-de-l-architecte-et-du-tapissier.com\/en\/wp-json\/wp\/v2\/pages\/551\/revisions"}],"predecessor-version":[{"id":589,"href":"https:\/\/la-maison-de-l-architecte-et-du-tapissier.com\/en\/wp-json\/wp\/v2\/pages\/551\/revisions\/589"}],"wp:attachment":[{"href":"https:\/\/la-maison-de-l-architecte-et-du-tapissier.com\/en\/wp-json\/wp\/v2\/media?parent=551"}],"curies":[{"name":"wp","href":"https:\/\/api.w.org\/{rel}","templated":true}]}}